{"id":261,"date":"2013-01-30T05:29:11","date_gmt":"2013-01-30T04:29:11","guid":{"rendered":"http:\/\/www.thewholestory.de\/?page_id=261"},"modified":"2021-04-13T21:08:15","modified_gmt":"2021-04-13T19:08:15","slug":"nt-1","status":"publish","type":"page","link":"https:\/\/www.thewholestory.de\/de\/nt-1\/","title":{"rendered":"NT 1"},"content":{"rendered":"<p><\/p>\n<h1><strong>NT<\/strong> NEUES TESTAMENT<\/h1>\n<p><a href=\"https:\/\/www.thewholestory.de\/wp-content\/uploads\/NT1brot-und-wein_klein.png\"><img decoding=\"async\" loading=\"lazy\" class=\" wp-image-520 alignright\" src=\"https:\/\/www.thewholestory.de\/wp-content\/uploads\/NT1brot-und-wein_klein.png\" alt=\"NT1brot und wein_klein\" width=\"225\" height=\"318\" \/><\/a><\/p>\n<!--TOC-->\n<h2>Teil 1: Das Leben Jesu<\/h2>\n<h3><strong>A<\/strong> \u2013 Einf\u00fchrung in das Neue Testament<\/h3>\n<ul>\n<li><strong>01<\/strong> Die Evangelien, Thema und Autor \u2013 Matth\u00e4us und Johannes<\/li>\n<li><strong>02<\/strong> Die Evangelien, Thema und Autor \u2013 Markus und Lukas<\/li>\n<\/ul>\n<h3><strong>B<\/strong> \u2013 Geburt und Kindheit Jesu<\/h3>\n<ul>\n<li><strong>01 <a href=\"\/tag\/NT-B-01\/\">Johannes der T\u00e4ufer \u2013 Ank\u00fcndigung und Geburt<\/a><\/strong><\/li>\n<li><strong>02<\/strong> Jesus \u2013 Ank\u00fcndigung; Maria und Elisabeth<\/li>\n<li><strong>03<\/strong> <strong><a href=\"\/tag\/NT-B-03\/\">Die Weihnachtsgeschichte<\/a><\/strong><\/li>\n<li><strong>04<\/strong> <strong><a href=\"\/tag\/NT-B-04\/\">Jesus im Tempel \u2013 Hanna und Simeon<\/a><\/strong><\/li>\n<li><strong>05<\/strong> <strong><a title=\"Die Weisen aus dem Morgenland\" href=\"\/tag\/nt-b-05\">Die Weisen<\/a><\/strong><\/li>\n<li><strong>06<\/strong> Flucht nach \u00c4gypten<\/li>\n<li><strong>07<\/strong> Jesus mit 12 Jahren im Tempel<\/li>\n<\/ul>\n<h3><strong>C<\/strong> \u2013 Das 1. Jahr seines Dienstes<\/h3>\n<ul>\n<li><strong>01<a href=\"\/tag\/nt-c-01\"> Johannes der T\u00e4ufer: Predigt, Zeugnis \u2013 die Taufe Jesu<\/a><\/strong><\/li>\n<li><strong>02<a title=\"Versuchung Jesu\" href=\"\/tag\/nt-c-02\"> Die Versuchung Jesu<\/a><\/strong><\/li>\n<li><i><b>Jesus w\u00e4hlt seine J\u00fcnger<\/b><\/i>\n<ul>\n<li><strong>03 <a href=\"\/tag\/nt-c-03\">Johannes und Andreas<\/a><\/strong><\/li>\n<li><strong>04<\/strong> <strong><a title=\"Petrus, Menschenfischer\" href=\"\/tag\/nt-c-04\">Petrus, Ein Fischer wird zum Menschenfischer<\/a><\/strong><\/li>\n<li><strong>05\u00a0<\/strong>Simon, Andreas, Jakobus, Johannes<\/li>\n<li><strong>06<a title=\"Matth\u00e4us\" href=\"\/tag\/nt-c-06\"> Matth\u00e4us<\/a><\/strong><\/li>\n<li><strong>07<\/strong> Die Wahl der Apostel<\/li>\n<\/ul>\n<\/li>\n<li><strong>08<\/strong> Die Hochzeit zu Kana<\/li>\n<\/ul>\n<p><i><b>1. Passahfest \u2013 Jesus besucht Jerusalem zum ersten Mal in seinem Dienst<\/b><\/i><\/p>\n<ul>\n<li><strong>09<\/strong> Passahfest \u2013 Jesus reinigt den Tempel<\/li>\n<li><strong>10 <a href=\"\/tag\/nt-c-10\">Nikodemos besucht Jesus<\/a><\/strong><\/li>\n<li><strong>11<\/strong> Johannes der T\u00e4ufer \u2013 letztes Zeugnis und Tod<\/li>\n<li><strong>12<\/strong> <strong><a title=\"Samariterin\" href=\"\/tag\/nt-c-12\">Wasser des Lebens \u2013 die Samariterin am Brunnen<\/a><\/strong><\/li>\n<li><strong>13<\/strong> Erweckung in Samarien<\/li>\n<li><strong>14 <a title=\"Jesus heilt einen Offizierssohn\" href=\"\/tag\/nt-c-14\">Jesus heilt einen Offizierssohn in Kana<\/a><\/strong><\/li>\n<li><strong>15<\/strong> Jesus wird in Nazareth abgelehnt<\/li>\n<li><strong>16<\/strong> Jesus in Kapernaum<\/li>\n<li><strong>17<\/strong> <strong><a title=\"Heilung eines Gel\u00e4hmten\" href=\"\/tag\/nt-c-17\">Heilung eines Gel\u00e4hmten<\/a><\/strong><\/li>\n<li><strong>18<\/strong> Heilung eines Leprakranken<\/li>\n<\/ul>\n<h3><strong>D<\/strong> \u2013 Das 2. Jahr seines Dienstes<\/h3>\n<p><i><b>2. Passahfest- Jesus besucht Jerusalem zum zweiten Mal<\/b><\/i><\/p>\n<ul>\n<li><strong>01 <a href=\"\/tag\/nt-d-01\">Die Heilung eines Gel\u00e4hmten in Bethesda<\/a><\/strong><\/li>\n<li><strong>02<\/strong> Jesu Aufgabe \u2013 die Bedeutung des Sabbat<\/li>\n<li><strong>03<\/strong>\u00a0Heilung einer verkr\u00fcppelten Hand \u2013 was ist ein Pharis\u00e4er?<\/li>\n<\/ul>\n<p><b>Die Bergpredigt<\/b><\/p>\n<ul>\n<li><strong>04<\/strong> Wen Jesus gl\u00fccklich nennt<\/li>\n<li><strong>05<\/strong> Das Vater Unser<\/li>\n<li><strong>06<\/strong> Gott an erster Stelle im Leben<\/li>\n<li><strong>07<\/strong> <strong><a href=\"\/tag\/nt-d-07\">Das Gleichnis des bittenden Freundes<\/a><\/strong><\/li>\n<li><strong>08<\/strong> Salz der Erde und Licht f\u00fcr die Welt<\/li>\n<li><strong>09<\/strong> <strong><a href=\"\/tag\/nt-d-09\">Die zwei Wege<\/a><\/strong><\/li>\n<li><strong>10<\/strong> <strong><a href=\"\/tag\/nt-d-10\">Falsche Propheten &amp; Die zwei H\u00e4user<\/a><\/strong><\/li>\n<\/ul>\n<p><b>Jesus tut Wunder<\/b><\/p>\n<ul>\n<li><strong>11<\/strong> Jesus Heilt den Diener eines r.Offiziers und den Sohn einer Witwe<\/li>\n<li><strong>12<\/strong> <strong><a title=\"S\u00fcnderin salbt Jesu F\u00fc\u00dfe\" href=\"\/tag\/nt-d-12\">Eine S\u00fcnderin salbt Jesu F\u00fc\u00dfe<\/a><\/strong><\/li>\n<li><strong>13<\/strong> Das Gleichnis vom S\u00e4mann<\/li>\n<li><strong>14<\/strong> <strong><a href=\"\/tag\/nt-d-14\">Jesus stillt den Sturm<\/a><\/strong><\/li>\n<li><strong>15<\/strong> Die Heilung eines Besessenen in Gerasa<\/li>\n<li><strong>16<\/strong> Warnung vor Habgier<\/li>\n<li><strong>17<\/strong> <strong><a href=\"\/tag\/nt-d-17\">Die Tochter des Jairus und Heilung einer kranken Frau<\/a><\/strong><\/li>\n<li><strong>18<\/strong> Jesus heilt zwei Blinde und einen Stummen<\/li>\n<\/ul>\n<h3><strong>E<\/strong> \u2013 Das 3. Jahr seines Dienstes<\/h3>\n<p><b>Jesus lehrt \u2013 durch Gleichnisse und Lehren<\/b><\/p>\n<ul>\n<li><strong>01<\/strong> Das Gleichnis des wachsamen Dieners<\/li>\n<li><strong>02<\/strong> Unkraut und Weizen, das Fischernetz, das Senfkorn<\/li>\n<li><strong>03<\/strong> Der versteckte Schatz, Die Perle, Der Feigenbaum<\/li>\n<li><strong>04<\/strong> <strong><a href=\"\/tag\/nt-e-04\">Das verlorene Schaf<\/a><\/strong><\/li>\n<li><strong>05<\/strong> Das Gleichnis des unbarmherzigen Dieners<\/li>\n<li><strong>06<\/strong> <strong><a title=\"barmherziger Samariter\" href=\"\/tag\/nt-e-06\">Das Gleichnis des barmherzigen Samariters<\/a><\/strong><\/li>\n<li><strong>07 <a href=\"\/tag\/nt-e-07\">Das Gleichnis der gro\u00dfen Ernte<\/a><\/strong><\/li>\n<li><strong>08<\/strong> Das Gleichnis vom verlorenen Groschen<\/li>\n<li><strong>09<\/strong> <strong><a href=\"\/tag\/nt-e-09\">Das Gleichnis vom verlorenen Sohn<\/a><\/strong><\/li>\n<li><strong>10<\/strong> Das Gleichnis des untreuen Verwalters<\/li>\n<li><strong>11<\/strong> Der Reiche und Lazarus<\/li>\n<li><strong>12<\/strong> Das Gleichnis der Arbeiter im Weinberg<\/li>\n<\/ul>\n<p><b>Jesus lehrt \u2013 durch sein Leben und Handeln<\/b><\/p>\n<ul>\n<li><strong>13<\/strong> <strong><a href=\"\/tag\/nt-e-13\">Die Speisung der 5000 \u2013 Jesus, Das Brot des Lebens<\/a><\/strong><\/li>\n<li><strong>14<a title=\"Jesus geht \u00fcber das Wasser\" href=\"\/tag\/nt-e-14\/\"> Jesus geht \u00fcber das Wasser<\/a><\/strong><\/li>\n<\/ul>\n<p><i><b>3. Passahfest \u2013 Jesus besucht Jerusalem zum dritten Mal<\/b><\/i><\/p>\n<ul>\n<li><strong>15<\/strong> Was den Mensch unrein macht. Die Frau aus Ph\u00f6nizien, ein Taubstummer<\/li>\n<li><strong>16<\/strong> Die Speisung der 4000<\/li>\n<li><strong>17<\/strong> Die Heilung eines Blinden in Bethesda<\/li>\n<li><strong>18<\/strong> Das Bekenntnis des Petrus und sein Auftrag<\/li>\n<li><strong>19<\/strong> Thema: Herrlichkeit \u2013 Die J\u00fcnger erleben Jesu Herrlichkeit<\/li>\n<li><strong>20<\/strong> <strong><a title=\"Heilung eines Besessenen\" href=\"\/tag\/nt-e-20\/\">Heilung eines jungen Besessenen \u2013 Jesus bezahlt Steuern<\/a><\/strong><\/li>\n<li><strong>21<a href=\"\/tag\/nt-e-21\/\"> Jesus liebt Kinder \u2013 der Gr\u00f6\u00dfte im Reich Gottes<\/a><\/strong><\/li>\n<li><strong>22\u00a0<\/strong><i>Thema<\/i>: Jesus nachfolgen \u2013 Aussendung der 72 J\u00fcnger<\/li>\n<li><strong>23<a title=\"zehn Leprakranke\" href=\"\/tag\/nt-e-23\/\">\u00a0<\/a><a title=\"zehn Leprakranke\" href=\"\/tag\/nt-e-23\/\"><i>Thema<\/i>: Dankbarkeit: Zehn Leprakranke werden geheilt<\/a><\/strong><\/li>\n<li><strong>24<\/strong> Jesus bei dem Laubh\u00fcttenfest, die Ehebrecherin<\/li>\n<li><strong>25<\/strong> Jesus besucht Maria und Martha<\/li>\n<li><strong>26<\/strong> Die Heilung eines von Geburt an Blinden<\/li>\n<li><strong>27<\/strong> Die Auferstehung des Lazarus<\/li>\n<li><strong>28<\/strong> Die Heilung einer Kranken am Sabbat<\/li>\n<li><strong>29<\/strong> Der junge Reiche<\/li>\n<li><strong>30<\/strong> <strong><a title=\"Zach\u00e4us\" href=\"\/tag\/nt-e-30\/\">Zach\u00e4us<\/a><\/strong><\/li>\n<li><strong>31<\/strong> <strong><a title=\"blinder Bartim\u00e4us\" href=\"\/tag\/nt-e-31\/\">Der Blinde Bartim\u00e4us<\/a><\/strong><\/li>\n<\/ul>\n<h3><strong>F<\/strong> \u2013 Die letzten Tage Jesu<\/h3>\n<p><i><b>4. Passahfest \u2013 Jesus besucht Jerusalem zum letzten Mal<\/b><\/i>\u00a0<b>Sonntag<\/b><\/p>\n<ul>\n<li><strong>01<\/strong> Der Einzug in Jerusalem<\/li>\n<\/ul>\n<p><b>Montag<\/b><\/p>\n<ul>\n<li><strong>02<\/strong> Jesus reinigt dem Tempel (zum 2. Mal)<\/li>\n<\/ul>\n<p><b>Dienstag und Mittwoch<\/b><\/p>\n<ul>\n<li><strong>03\u00a0<\/strong><i>Jesus Lehrt<\/i>\u00a0\u2013 das Gleichnis der b\u00f6sen P\u00e4chter<\/li>\n<li><strong>04<\/strong> Streit mit den Pharis\u00e4ern<\/li>\n<li><strong>05<\/strong> Jesus warnt die j\u00fcdischen Leiter. Tr\u00e4nen \u00fcber Jerusalem<\/li>\n<li><strong>06\u00a0<\/strong><i>Jesus lehrt<\/i>\u00a0\u2013 die prophetische Predigt am \u00d6lberg<\/li>\n<li><strong>07\u00a0<\/strong><i>Jesus lehrt<\/i>\u00a0\u2013 die zehn Jungfrauen<\/li>\n<li><strong>08\u00a0<\/strong><i>Jesus lehrt<\/i>\u00a0\u2013 das Gleichnis der Goldst\u00fccke<\/li>\n<li><strong>09\u00a0<\/strong><i>Jesus lehrt<\/i>\u00a0\u2013 das gro\u00dfe Gericht<\/li>\n<\/ul>\n<p><b>Donnerstag<\/b><\/p>\n<ul>\n<li><strong>10<\/strong> Vorbereitungen f\u00fcr das letzte Abendmahl<\/li>\n<li><strong>11<a title=\"Die Fu\u00dfwaschung\" href=\"\/tag\/nt-f-11\/\"> Jesus spricht mit den J\u00fcngern \u2013 die Fu\u00dfwaschung<\/a><\/strong><\/li>\n<li><strong>12\u00a0<\/strong><i>Jesus lehrt<\/i>\u00a0\u2013 der Weinstock und die Reben<\/li>\n<li><strong>13<\/strong> Jesus betet<\/li>\n<li><strong>14<\/strong> Jesus im Garten Gethsemane<\/li>\n<li><strong>15<\/strong> Jesus wird verhaftet<\/li>\n<\/ul>\n<p><b>Die Nacht von Donnerstag auf Freitag<\/b><\/p>\n<ul>\n<li><strong>16<\/strong> Im Haus des Hohenpriesters \u2013 Petrus verleugnet Jesus<\/li>\n<li><strong>17<\/strong> Jesus vor Gericht<\/li>\n<\/ul>\n<p><b>Freitag<\/b><\/p>\n<ul>\n<li><strong>18<\/strong> Der Tod Jesu<\/li>\n<\/ul>\n<p><b>Sonntag<\/b><\/p>\n<ul>\n<li><strong>19<\/strong> Die Auferstehung Jesu<\/li>\n<li><strong>20<\/strong> Jesus erscheint Maria Magdalena<\/li>\n<li><strong>21<\/strong> Die J\u00fcnger auf dem Weg nach Emmaus<\/li>\n<li><strong>22<\/strong> Jesus und Thomas<\/li>\n<\/ul>\n<p><b>Was nach Jesu Auferstehung geschah<\/b><\/p>\n<ul>\n<li><strong>23<\/strong> Jesus erscheint den J\u00fcngern am See Genezareth<\/li>\n<li><strong>24<\/strong> Christi Himmelfahrt<\/li>\n<\/ul>\n<h2>pdf<\/h2>\n<p><strong><a href=\"https:\/\/www.thewholestory.de\/wp-content\/uploads\/LISTE-NT-1.pdf\" class=\"mtli_attachment mtli_pdf\">Diese Liste mit Bibelstellen als PDF <\/a><\/strong><\/p>","protected":false},"excerpt":{"rendered":"<p>NT NEUES TESTAMENT Teil 1: Das Leben Jesu A \u2013 Einf\u00fchrung in das Neue Testament 01 Die Evangelien, Thema und Autor \u2013 Matth\u00e4us und Johannes 02 Die Evangelien, Thema und Autor \u2013 Markus und Lukas B \u2013 Geburt und Kindheit Jesu 01 Johannes der T\u00e4ufer \u2013 Ank\u00fcndigung und Geburt 02 &#8230;<\/p>\n","protected":false},"author":1,"featured_media":0,"parent":0,"menu_order":0,"comment_status":"closed","ping_status":"open","template":"","meta":{"_lmt_disableupdate":"","_lmt_disable":"","footnotes":""},"yoast_head":"<!-- This site is optimized with the Yoast SEO plugin v21.2 - https:\/\/yoast.com\/wordpress\/plugins\/seo\/ -->\n<title>NT 1 - The whole story<\/title>\n<meta name=\"robots\" content=\"index, follow, max-snippet:-1, max-image-preview:large, max-video-preview:-1\" \/>\n<link rel=\"canonical\" href=\"https:\/\/www.thewholestory.de\/de\/nt-1\/\" \/>\n<meta property=\"og:locale\" content=\"de_DE\" \/>\n<meta property=\"og:type\" content=\"article\" \/>\n<meta property=\"og:title\" content=\"NT 1 - The whole story\" \/>\n<meta property=\"og:description\" content=\"NT NEUES TESTAMENT Teil 1: Das Leben Jesu A \u2013 Einf\u00fchrung in das Neue Testament 01 Die Evangelien, Thema und Autor \u2013 Matth\u00e4us und Johannes 02 Die Evangelien, Thema und Autor \u2013 Markus und Lukas B \u2013 Geburt und Kindheit Jesu 01 Johannes der T\u00e4ufer \u2013 Ank\u00fcndigung und Geburt 02 &#8230;\" \/>\n<meta property=\"og:url\" content=\"https:\/\/www.thewholestory.de\/de\/nt-1\/\" \/>\n<meta property=\"og:site_name\" content=\"The whole story\" \/>\n<meta property=\"article:modified_time\" content=\"2021-04-13T19:08:15+00:00\" \/>\n<meta property=\"og:image\" content=\"https:\/\/www.thewholestory.de\/wp-content\/uploads\/NT1brot-und-wein_klein.png\" \/>\n<meta name=\"twitter:label1\" content=\"Gesch\u00e4tzte Lesezeit\" \/>\n\t<meta name=\"twitter:data1\" content=\"4 Minuten\" \/>\n<script type=\"application\/ld+json\" class=\"yoast-schema-graph\">{\"@context\":\"https:\/\/schema.org\",\"@graph\":[{\"@type\":\"WebPage\",\"@id\":\"https:\/\/www.thewholestory.de\/de\/nt-1\/\",\"url\":\"https:\/\/www.thewholestory.de\/de\/nt-1\/\",\"name\":\"NT 1 - The whole story\",\"isPartOf\":{\"@id\":\"https:\/\/www.thewholestory.de\/de\/#website\"},\"datePublished\":\"2013-01-30T04:29:11+00:00\",\"dateModified\":\"2021-04-13T19:08:15+00:00\",\"inLanguage\":\"de-DE\",\"potentialAction\":[{\"@type\":\"ReadAction\",\"target\":[[\"https:\/\/www.thewholestory.de\/de\/nt-1\/\"]]}]},{\"@type\":\"WebSite\",\"@id\":\"https:\/\/www.thewholestory.de\/de\/#website\",\"url\":\"https:\/\/www.thewholestory.de\/de\/\",\"name\":\"The whole story\",\"description\":\"chronologisch durch die Bibel\",\"potentialAction\":[{\"@type\":\"SearchAction\",\"target\":{\"@type\":\"EntryPoint\",\"urlTemplate\":\"https:\/\/www.thewholestory.de\/de\/?s={search_term_string}\"},\"query-input\":\"required name=search_term_string\"}],\"inLanguage\":\"de-DE\"}]}<\/script>\n<!-- \/ Yoast SEO plugin. -->","yoast_head_json":{"title":"NT 1 - The whole story","robots":{"index":"index","follow":"follow","max-snippet":"max-snippet:-1","max-image-preview":"max-image-preview:large","max-video-preview":"max-video-preview:-1"},"canonical":"https:\/\/www.thewholestory.de\/de\/nt-1\/","og_locale":"de_DE","og_type":"article","og_title":"NT 1 - The whole story","og_description":"NT NEUES TESTAMENT Teil 1: Das Leben Jesu A \u2013 Einf\u00fchrung in das Neue Testament 01 Die Evangelien, Thema und Autor \u2013 Matth\u00e4us und Johannes 02 Die Evangelien, Thema und Autor \u2013 Markus und Lukas B \u2013 Geburt und Kindheit Jesu 01 Johannes der T\u00e4ufer \u2013 Ank\u00fcndigung und Geburt 02 &#8230;","og_url":"https:\/\/www.thewholestory.de\/de\/nt-1\/","og_site_name":"The whole story","article_modified_time":"2021-04-13T19:08:15+00:00","og_image":[{"url":"https:\/\/www.thewholestory.de\/wp-content\/uploads\/NT1brot-und-wein_klein.png"}],"twitter_misc":{"Gesch\u00e4tzte Lesezeit":"4 Minuten"},"schema":{"@context":"https:\/\/schema.org","@graph":[{"@type":"WebPage","@id":"https:\/\/www.thewholestory.de\/de\/nt-1\/","url":"https:\/\/www.thewholestory.de\/de\/nt-1\/","name":"NT 1 - The whole story","isPartOf":{"@id":"https:\/\/www.thewholestory.de\/de\/#website"},"datePublished":"2013-01-30T04:29:11+00:00","dateModified":"2021-04-13T19:08:15+00:00","inLanguage":"de-DE","potentialAction":[{"@type":"ReadAction","target":[["https:\/\/www.thewholestory.de\/de\/nt-1\/"]]}]},{"@type":"WebSite","@id":"https:\/\/www.thewholestory.de\/de\/#website","url":"https:\/\/www.thewholestory.de\/de\/","name":"The whole story","description":"chronologisch durch die Bibel","potentialAction":[{"@type":"SearchAction","target":{"@type":"EntryPoint","urlTemplate":"https:\/\/www.thewholestory.de\/de\/?s={search_term_string}"},"query-input":"required name=search_term_string"}],"inLanguage":"de-DE"}]}},"_links":{"self":[{"href":"https:\/\/www.thewholestory.de\/de\/wp-json\/wp\/v2\/pages\/261"}],"collection":[{"href":"https:\/\/www.thewholestory.de\/de\/wp-json\/wp\/v2\/pages"}],"about":[{"href":"https:\/\/www.thewholestory.de\/de\/wp-json\/wp\/v2\/types\/page"}],"author":[{"embeddable":true,"href":"https:\/\/www.thewholestory.de\/de\/wp-json\/wp\/v2\/users\/1"}],"replies":[{"embeddable":true,"href":"https:\/\/www.thewholestory.de\/de\/wp-json\/wp\/v2\/comments?post=261"}],"version-history":[{"count":56,"href":"https:\/\/www.thewholestory.de\/de\/wp-json\/wp\/v2\/pages\/261\/revisions"}],"predecessor-version":[{"id":22274,"href":"https:\/\/www.thewholestory.de\/de\/wp-json\/wp\/v2\/pages\/261\/revisions\/22274"}],"wp:attachment":[{"href":"https:\/\/www.thewholestory.de\/de\/wp-json\/wp\/v2\/media?parent=261"}],"curies":[{"name":"wp","href":"https:\/\/api.w.org\/{rel}","templated":true}]}}