{"id":273,"date":"2013-01-30T06:13:22","date_gmt":"2013-01-30T05:13:22","guid":{"rendered":"http:\/\/www.thewholestory.de\/?page_id=273"},"modified":"2022-07-15T17:58:23","modified_gmt":"2022-07-15T15:58:23","slug":"start","status":"publish","type":"page","link":"https:\/\/www.thewholestory.de\/de\/","title":{"rendered":"The whole story"},"content":{"rendered":"<p><\/p>\n<h1 style=\"text-align: center;\"><strong><em>Die ganze Geschichte<\/em><\/strong><\/h1>\n<p style=\"text-align: center;\"><b>&#8222;Die Ganze Geschichte\u201c<\/b>\u00a0ist ein Projekt f\u00fcr Stundenentw\u00fcrfe,\u00a0in denen Kindern im Laufe ihrer<br \/>\nKindheit\u00a0durch das Erz\u00e4hlen der biblischen Geschichten in historisch,<br \/>\nchronologischer Reihenfolge ein breites Bibelwissen vermittelt wird.<\/p>\n<blockquote>\n<p style=\"width: 600px; text-align: center;\"><span style=\"font-size: 15.5556px; font-style: italic;\">Doch ich segne jeden, der mir ganz und gar vertraut.\u00a0Er ist wie ein Baum, der am Wasser gepflanzt ist und am Bach seine Wurzeln ausstreckt und sich nicht f\u00fcrchtet, wenn die Hitze kommt. Sein Laub ist gr\u00fcn, im Jahr der D\u00fcrre ist er unbek\u00fcmmert, und er h\u00f6rt nicht auf, Frucht zu tragen<\/span> <strong>Jeremia 17.7-8<\/strong><\/p>\n<\/blockquote>\n<hr \/>\n<h1>\u00a0Suche deine Geschichte:<\/h1>\n<figure id=\"attachment_41\" aria-describedby=\"caption-attachment-41\" style=\"width: 180px\" class=\"wp-caption alignleft\"><a title=\"AT\" href=\"\/at\/\"><img decoding=\"async\" loading=\"lazy\" class=\" wp-image-41 schatten \" src=\"https:\/\/www.thewholestory.de\/wp-content\/uploads\/AT-leuchter_klein.png\" alt=\"von Mose bis Maleachi\" width=\"180\" height=\"254\" \/><\/a><figcaption id=\"caption-attachment-41\" class=\"wp-caption-text\"><span style=\"color: #0000dd;\"><strong><big>Altes Testament<\/big><\/strong><\/span><\/figcaption><\/figure>\n<figure id=\"attachment_42\" aria-describedby=\"caption-attachment-42\" style=\"width: 180px\" class=\"wp-caption alignright\"><a title=\"NT 2\" href=\"\/nt-2\/\"><img decoding=\"async\" loading=\"lazy\" class=\" wp-image-42 schatten schatten \" src=\"https:\/\/www.thewholestory.de\/wp-content\/uploads\/NT2fische_klein.png\" alt=\"Apostelgeschichte und Briefe\" width=\"180\" height=\"254\" \/><\/a><figcaption id=\"caption-attachment-42\" class=\"wp-caption-text\"><span style=\"color: #ff6600;\"><strong><big>Erste Christen<\/big><\/strong><\/span><\/figcaption><\/figure>\n<figure id=\"attachment_39\" aria-describedby=\"caption-attachment-39\" style=\"width: 180px\" class=\"wp-caption aligncenter\"><a title=\"NT 1\" href=\"\/nt-1\/\"><img decoding=\"async\" loading=\"lazy\" class=\" wp-image-39 schatten \" src=\"https:\/\/www.thewholestory.de\/wp-content\/uploads\/NT1brot-und-wein_klein.png\" alt=\"Die Evangelien\" width=\"180\" height=\"254\" \/><\/a><figcaption id=\"caption-attachment-39\" class=\"wp-caption-text\"><span style=\"color: #ff0000;\"><strong><big>Leben Jesu<\/big><\/strong><\/span><\/figcaption><\/figure>\n<div>\n<p><span style=\"color: #ffffff;\">:)<\/span><\/p>\n<ul>\n<li>Kann man frei herunterladen f\u00fcr den Gebrauch in Jungschar- und Kinderstunden.<\/li>\n<li>Die Ideen und Bilder kommen aus aller Welt und<\/li>\n<li>werden von einem internationalen Team gesammelt.<\/li>\n<\/ul>\n<hr \/>\n<h2><\/h2>\n<\/div>\n<hr \/>\n<div>\n<h2><span style=\"color: #ff0000;\">NEU: <\/span>Die neue Zeitleiste<\/h2>\n<p><a href=\"\/de\/zeitleiste\/\"><img decoding=\"async\" loading=\"lazy\" class=\"alignleft wp-image-22326 size-full\" src=\"https:\/\/www.thewholestory.de\/wp-content\/uploads\/IMG_7983-scaled.jpg\" alt=\"\" width=\"2560\" height=\"680\" srcset=\"https:\/\/www.thewholestory.de\/wp-content\/uploads\/IMG_7983-scaled.jpg 2560w, https:\/\/www.thewholestory.de\/wp-content\/uploads\/IMG_7983-300x80.jpg 300w, https:\/\/www.thewholestory.de\/wp-content\/uploads\/IMG_7983-1024x272.jpg 1024w, https:\/\/www.thewholestory.de\/wp-content\/uploads\/IMG_7983-250x66.jpg 250w, https:\/\/www.thewholestory.de\/wp-content\/uploads\/IMG_7983-768x204.jpg 768w, https:\/\/www.thewholestory.de\/wp-content\/uploads\/IMG_7983-1536x408.jpg 1536w, https:\/\/www.thewholestory.de\/wp-content\/uploads\/IMG_7983-2048x544.jpg 2048w, https:\/\/www.thewholestory.de\/wp-content\/uploads\/IMG_7983-700x186.jpg 700w, https:\/\/www.thewholestory.de\/wp-content\/uploads\/IMG_7983-332x88.jpg 332w\" sizes=\"(max-width: 2560px) 100vw, 2560px\" \/><\/a><\/p>\n<\/div>\n<div>\n<p>&nbsp;<\/p>\n<hr \/>\n\n<p style=\"text-align: left;\">Dank der Zusammenarbeit mit Frank Stepper gibt es wieder eine Zeitleiste mit vielen neuen Infos und Bildern . Siehe <a href=\"https:\/\/www.thewholestory.de\/zeitleiste\/\">hier<\/a>.<\/p>\n<\/div>\n<p><\/p>","protected":false},"excerpt":{"rendered":"<p>Die ganze Geschichte &#8222;Die Ganze Geschichte\u201c\u00a0ist ein Projekt f\u00fcr Stundenentw\u00fcrfe,\u00a0in denen Kindern im Laufe ihrer Kindheit\u00a0durch das Erz\u00e4hlen der biblischen Geschichten in historisch, chronologischer Reihenfolge ein breites Bibelwissen vermittelt wird. Doch ich segne jeden, der mir ganz und gar vertraut.\u00a0Er ist wie ein Baum, der am Wasser gepflanzt ist und &#8230;<\/p>\n","protected":false},"author":1,"featured_media":0,"parent":0,"menu_order":0,"comment_status":"closed","ping_status":"open","template":"","meta":{"_lmt_disableupdate":"","_lmt_disable":"","footnotes":""},"yoast_head":"<!-- This site is optimized with the Yoast SEO plugin v21.2 - https:\/\/yoast.com\/wordpress\/plugins\/seo\/ -->\n<title>The whole story -Die Ganze Geschichte<\/title>\n<meta name=\"description\" content=\"Freies Material f\u00fcr Stundenentw\u00fcrfe zum Erz\u00e4hlen der biblischen Geschichten in chronologischer Reihenfolge. Bilder, Spiele, Bastelideen, Erz\u00e4hlvorschl\u00e4ge\" \/>\n<meta name=\"robots\" content=\"index, follow, max-snippet:-1, max-image-preview:large, max-video-preview:-1\" \/>\n<link rel=\"canonical\" href=\"https:\/\/www.thewholestory.de\/de\/\" \/>\n<meta property=\"og:locale\" content=\"de_DE\" \/>\n<meta property=\"og:type\" content=\"article\" \/>\n<meta property=\"og:title\" content=\"The whole story -Die Ganze Geschichte\" \/>\n<meta property=\"og:description\" content=\"Freies Material f\u00fcr Stundenentw\u00fcrfe zum Erz\u00e4hlen der biblischen Geschichten in chronologischer Reihenfolge. Bilder, Spiele, Bastelideen, Erz\u00e4hlvorschl\u00e4ge\" \/>\n<meta property=\"og:url\" content=\"https:\/\/www.thewholestory.de\/de\/\" \/>\n<meta property=\"og:site_name\" content=\"The whole story\" \/>\n<meta property=\"article:modified_time\" content=\"2022-07-15T15:58:23+00:00\" \/>\n<meta property=\"og:image\" content=\"https:\/\/www.thewholestory.de\/wp-content\/uploads\/AT-leuchter_klein.png\" \/>\n<meta name=\"twitter:label1\" content=\"Gesch\u00e4tzte Lesezeit\" \/>\n\t<meta name=\"twitter:data1\" content=\"2 Minuten\" \/>\n<script type=\"application\/ld+json\" class=\"yoast-schema-graph\">{\"@context\":\"https:\/\/schema.org\",\"@graph\":[{\"@type\":\"WebPage\",\"@id\":\"https:\/\/www.thewholestory.de\/de\/\",\"url\":\"https:\/\/www.thewholestory.de\/de\/\",\"name\":\"The whole story -Die Ganze Geschichte\",\"isPartOf\":{\"@id\":\"https:\/\/www.thewholestory.de\/de\/#website\"},\"datePublished\":\"2013-01-30T05:13:22+00:00\",\"dateModified\":\"2022-07-15T15:58:23+00:00\",\"description\":\"Freies Material f\u00fcr Stundenentw\u00fcrfe zum Erz\u00e4hlen der biblischen Geschichten in chronologischer Reihenfolge. Bilder, Spiele, Bastelideen, Erz\u00e4hlvorschl\u00e4ge\",\"inLanguage\":\"de-DE\",\"potentialAction\":[{\"@type\":\"ReadAction\",\"target\":[[\"https:\/\/www.thewholestory.de\/de\/\"]]}]},{\"@type\":\"WebSite\",\"@id\":\"https:\/\/www.thewholestory.de\/de\/#website\",\"url\":\"https:\/\/www.thewholestory.de\/de\/\",\"name\":\"The whole story\",\"description\":\"chronologisch durch die Bibel\",\"potentialAction\":[{\"@type\":\"SearchAction\",\"target\":{\"@type\":\"EntryPoint\",\"urlTemplate\":\"https:\/\/www.thewholestory.de\/de\/?s={search_term_string}\"},\"query-input\":\"required name=search_term_string\"}],\"inLanguage\":\"de-DE\"}]}<\/script>\n<!-- \/ Yoast SEO plugin. -->","yoast_head_json":{"title":"The whole story -Die Ganze Geschichte","description":"Freies Material f\u00fcr Stundenentw\u00fcrfe zum Erz\u00e4hlen der biblischen Geschichten in chronologischer Reihenfolge. Bilder, Spiele, Bastelideen, Erz\u00e4hlvorschl\u00e4ge","robots":{"index":"index","follow":"follow","max-snippet":"max-snippet:-1","max-image-preview":"max-image-preview:large","max-video-preview":"max-video-preview:-1"},"canonical":"https:\/\/www.thewholestory.de\/de\/","og_locale":"de_DE","og_type":"article","og_title":"The whole story -Die Ganze Geschichte","og_description":"Freies Material f\u00fcr Stundenentw\u00fcrfe zum Erz\u00e4hlen der biblischen Geschichten in chronologischer Reihenfolge. Bilder, Spiele, Bastelideen, Erz\u00e4hlvorschl\u00e4ge","og_url":"https:\/\/www.thewholestory.de\/de\/","og_site_name":"The whole story","article_modified_time":"2022-07-15T15:58:23+00:00","og_image":[{"url":"https:\/\/www.thewholestory.de\/wp-content\/uploads\/AT-leuchter_klein.png"}],"twitter_misc":{"Gesch\u00e4tzte Lesezeit":"2 Minuten"},"schema":{"@context":"https:\/\/schema.org","@graph":[{"@type":"WebPage","@id":"https:\/\/www.thewholestory.de\/de\/","url":"https:\/\/www.thewholestory.de\/de\/","name":"The whole story -Die Ganze Geschichte","isPartOf":{"@id":"https:\/\/www.thewholestory.de\/de\/#website"},"datePublished":"2013-01-30T05:13:22+00:00","dateModified":"2022-07-15T15:58:23+00:00","description":"Freies Material f\u00fcr Stundenentw\u00fcrfe zum Erz\u00e4hlen der biblischen Geschichten in chronologischer Reihenfolge. Bilder, Spiele, Bastelideen, Erz\u00e4hlvorschl\u00e4ge","inLanguage":"de-DE","potentialAction":[{"@type":"ReadAction","target":[["https:\/\/www.thewholestory.de\/de\/"]]}]},{"@type":"WebSite","@id":"https:\/\/www.thewholestory.de\/de\/#website","url":"https:\/\/www.thewholestory.de\/de\/","name":"The whole story","description":"chronologisch durch die Bibel","potentialAction":[{"@type":"SearchAction","target":{"@type":"EntryPoint","urlTemplate":"https:\/\/www.thewholestory.de\/de\/?s={search_term_string}"},"query-input":"required name=search_term_string"}],"inLanguage":"de-DE"}]}},"_links":{"self":[{"href":"https:\/\/www.thewholestory.de\/de\/wp-json\/wp\/v2\/pages\/273"}],"collection":[{"href":"https:\/\/www.thewholestory.de\/de\/wp-json\/wp\/v2\/pages"}],"about":[{"href":"https:\/\/www.thewholestory.de\/de\/wp-json\/wp\/v2\/types\/page"}],"author":[{"embeddable":true,"href":"https:\/\/www.thewholestory.de\/de\/wp-json\/wp\/v2\/users\/1"}],"replies":[{"embeddable":true,"href":"https:\/\/www.thewholestory.de\/de\/wp-json\/wp\/v2\/comments?post=273"}],"version-history":[{"count":92,"href":"https:\/\/www.thewholestory.de\/de\/wp-json\/wp\/v2\/pages\/273\/revisions"}],"predecessor-version":[{"id":22335,"href":"https:\/\/www.thewholestory.de\/de\/wp-json\/wp\/v2\/pages\/273\/revisions\/22335"}],"wp:attachment":[{"href":"https:\/\/www.thewholestory.de\/de\/wp-json\/wp\/v2\/media?parent=273"}],"curies":[{"name":"wp","href":"https:\/\/api.w.org\/{rel}","templated":true}]}}