{"id":261,"date":"2013-01-30T05:29:11","date_gmt":"2013-01-30T04:29:11","guid":{"rendered":"http:\/\/www.thewholestory.de\/?page_id=261"},"modified":"2021-04-13T21:08:15","modified_gmt":"2021-04-13T19:08:15","slug":"nt-1","status":"publish","type":"page","link":"https:\/\/www.thewholestory.de\/en\/nt-1\/","title":{"rendered":"NT 1"},"content":{"rendered":"<p><\/p>\n<h1><strong>NT<\/strong> NEW TESTAMENT<\/h1>\n<p><a href=\"https:\/\/www.thewholestory.de\/wp-content\/uploads\/NT1brot-und-wein_klein.png\"><img decoding=\"async\" loading=\"lazy\" class=\" wp-image-520 alignright\" src=\"https:\/\/www.thewholestory.de\/wp-content\/uploads\/NT1brot-und-wein_klein.png\" alt=\"NT1brot und wein_klein\" width=\"225\" height=\"318\" \/><\/a><\/p>\n<!--TOC-->\n<h2>Part 1: The life of Jesus<\/h2>\n<h3><strong>A<\/strong> \u2013 Introduction to the New Testament<\/h3>\n<ul>\n<li><strong>01<\/strong> The Gospels, topic and author<br \/>\nMatthew and John<\/li>\n<li><strong>02<\/strong> The Gospels, topic and author<br \/>\nMark and Luke<\/li>\n<\/ul>\n<h3><strong>B<\/strong> \u2013 Jesus\u2019 Birth and Childhood<\/h3>\n<ul>\n<li><strong>01<\/strong> <a href=\"\/tag\/NT-B-01\/\">John the Baptist \u2013 Announcement and birth<\/a><\/li>\n<li><strong>02 <\/strong>The Birth of Jesus Foretold<br \/>\nMary and Elisabeth<\/li>\n<li><strong>03<\/strong> <a href=\"\/tag\/NT-B-03\/\">The Christmas Story<\/a><\/li>\n<li><strong>04<\/strong> <a href=\"\/tag\/NT-B-04\/\">Jesus in the temple \u2013 Anna and Simeon<\/a><\/li>\n<li><strong>05<\/strong> <a title=\"Die Weisen aus dem Morgenland\" href=\"\/tag\/nt-b-05\">The wise men<\/a><\/li>\n<li><strong>06<\/strong> Flight to Egypt<\/li>\n<li><strong>07 <\/strong>The boy Jesus in the temple<\/li>\n<\/ul>\n<h3><strong>C<\/strong> \u2013 The 1st year of his ministry<\/h3>\n<ul>\n<li><strong>01<\/strong><a href=\"\/tag\/nt-c-01\"> &#8211; John the Baptist: sermon, testimony<br \/>\n&#8211; the baptism of Jesus<\/a><\/li>\n<li><strong>02<\/strong><a title=\"Versuchung Jesu\" href=\"\/tag\/nt-c-02\"> Jesus is tempted<\/a><\/li>\n<\/ul>\n<h4><i><b>Jesus chooses his disciples<br \/>\n<\/b><\/i><\/h4>\n<ul>\n<li style=\"list-style-type: none;\">\n<ul>\n<li><strong>03<\/strong> John und Andrew<\/li>\n<li><strong>04<\/strong> <a title=\"Petrus, Menschenfischer\" href=\"\/tag\/nt-c-04\">Peter, fisher of men<\/a><\/li>\n<li><strong>05 <\/strong>Simon, Andrew, James, John<\/li>\n<li><strong>06<\/strong><a title=\"Matth\u00e4us\" href=\"\/tag\/nt-c-06\"> Matthew<\/a><\/li>\n<li><strong>07<\/strong> The choosing of the apostles<\/li>\n<\/ul>\n<\/li>\n<\/ul>\n<ul>\n<li><strong>08<\/strong> The wedding at Cana<\/li>\n<\/ul>\n<h4>1. Passover\u2013 Jesus visits Jerusalem fort he first time during his ministry<\/h4>\n<ul>\n<li><strong>09<\/strong> Passover \u2013 Jesus clears the temple<\/li>\n<li><strong>10<\/strong><a href=\"\/tag\/nt-c-10\"> Nicodemos visits Jesus<\/a><\/li>\n<li><strong>11<\/strong> John the Baptist- last testimony and death<\/li>\n<li><strong>12<\/strong> <a title=\"Samariterin\" href=\"\/tag\/nt-c-12\">\u00a0living water\u2013 the Samaritan woman at the well<\/a><\/li>\n<li><strong>13<\/strong> Revival in Samaria<\/li>\n<li><strong>14<\/strong> <a href=\"\/tag\/nt-c-14\">Jesus Heals an Official\u2019s Son in Cana<\/a><\/li>\n<li><strong>15<\/strong> Jesus is rejected in Nazareth<\/li>\n<li><strong>16<\/strong> Jesus in Capernaum<\/li>\n<li><strong>17<\/strong> <a title=\"Heilung eines Gel\u00e4hmten\" href=\"\/tag\/nt-c-17\">Jesus heals a paralyzed man<\/a><\/li>\n<li><strong>18<\/strong> Jesus heals a man with leprosy<\/li>\n<\/ul>\n<h3><strong>D<\/strong> \u2013 The 2nd year of his ministry<\/h3>\n<h4>2nd Passover- Jesus visits Jerusalem for a second time<\/h4>\n<ul>\n<li><strong>01<\/strong> <a href=\"\/tag\/nt-d-01\">The Healing at the Pool Bethesda<\/a><\/li>\n<li><strong>02<\/strong> Jesus\u2019 task<br \/>\nthe reason for the Sabbath<\/li>\n<li><strong>03<\/strong> Healing of a crippled hand<br \/>\nWhat is a Pharisee?<\/li>\n<\/ul>\n<h4>The sermon on the mount<\/h4>\n<ul>\n<li><strong>04<\/strong> The Beatitudes<\/li>\n<li><strong>05 <\/strong>The Lord&#8217;s prayer<\/li>\n<li><strong>06<\/strong> God as top priority<\/li>\n<li><strong>07<\/strong> The parable of the friend in the night<\/li>\n<li><strong>08<\/strong> Salt and Light<\/li>\n<li><strong>09<\/strong> <a href=\"\/tag\/nt-d-09\">The two ways<\/a><\/li>\n<li><strong>10<\/strong> <a href=\"\/tag\/nt-d-10\">False prophets,<br \/>\nthe two houses <\/a><\/li>\n<\/ul>\n<h4>Jesus does miracles<\/h4>\n<ul>\n<li><strong>11<\/strong> Jesus heals the servant of an official<br \/>\nJesus Raises a Widow\u2019s Son<\/li>\n<li><strong>12<\/strong> <a title=\"S\u00fcnderin salbt Jesu F\u00fc\u00dfe\" href=\"\/tag\/nt-d-12\">A sinful woman anoints Jesus\u2019 feet<\/a><\/li>\n<li><strong>13<\/strong> The Parable of the Sower<\/li>\n<li><strong>14<\/strong> <a href=\"\/tag\/nt-d-14\">Jesus Calms the Storm<\/a><\/li>\n<li><strong>15<\/strong> Jesus Restores a Demon-Possessed Man<\/li>\n<li><strong>16<\/strong> Warning of greed<\/li>\n<li><strong>17<\/strong> <a href=\"\/tag\/nt-d-17\">Jesus Raises a Dead Girl and Heals a Sick Woman<\/a><\/li>\n<li><strong>18<\/strong> Jesus Heals the Blind and the Mute<\/li>\n<\/ul>\n<h3><strong>E<\/strong> \u2013 The 3rd year of his ministry<\/h3>\n<h4>Jesus teaches &#8211; lessons and parables<\/h4>\n<ul>\n<li><strong>01<\/strong> The parable of the watchful servant<\/li>\n<li><strong>02<\/strong> Wheat and weed,<br \/>\nthe parable of the fishing net,<br \/>\nthe parable of the mustard seed<\/li>\n<li><strong>03<\/strong>\u00a0 The hidden treasure,<br \/>\nthe parable of the pearl,<br \/>\nthe unfruitful fig tree<\/li>\n<li><strong>04<\/strong> <a href=\"\/tag\/nt-e-04\">The lost sheep<\/a><\/li>\n<li><strong>05<\/strong> The parable of the unmerciful servant<\/li>\n<li><strong>06<\/strong> <a title=\"barmherziger Samariter\" href=\"\/tag\/nt-e-06\">The good Samaritan<\/a><\/li>\n<li><strong>07<\/strong> <a href=\"\/tag\/nt-e-07\">The parable of the big banquet<\/a><\/li>\n<li><strong>08<\/strong> The parable of the lost coin<\/li>\n<li><strong>09<\/strong> <a href=\"\/tag\/nt-e-09\">The prodigal son<\/a><\/li>\n<li><strong>10<\/strong> The parable of the shrewd manager<\/li>\n<li><strong>11<\/strong> The rich man and Lazarus<\/li>\n<li><strong>12<\/strong> The parable of the workers in the vineyard<\/li>\n<\/ul>\n<h4>Jesus teaches &#8211; through his life and deeds<\/h4>\n<ul>\n<li><strong>13<\/strong>\u00a0 <a href=\"\/tag\/nt-e-13\/\">The feeding of the 5000<br \/>\nJesus, the bread of life<\/a><\/li>\n<li><strong>14<\/strong><a title=\"Jesus geht \u00fcber das Wasser\" href=\"\/tag\/nt-e-14\/\"> Jesus walks on water<\/a><\/li>\n<\/ul>\n<h4>3. Passover \u2013 Jesus visits Jerusalem for the third time<\/h4>\n<ul>\n<li><strong>15<\/strong> Jesus teaches about inner purity,<br \/>\nthe faith of a Syrophoenician woman,<br \/>\nJesus heals a deaf and mute man<\/li>\n<li><strong>16<\/strong> Jesus feeds the 4000<\/li>\n<li><strong>17<\/strong> Jesus heals a blind man at Bethsaida<\/li>\n<li><strong>18<\/strong> Peter&#8217;s profession of faith and is mission<\/li>\n<li><strong>19<\/strong> topic: God&#8217;s glory\u2013 The Transfiguration<\/li>\n<li><strong>20<\/strong> <a title=\"Heilung eines Besessenen\" href=\"\/tag\/nt-e-20\/\">Healing of a possessed man<br \/>\nJesus pays taxes<\/a><\/li>\n<li><strong>21 <\/strong>children: the greatest in the kingdom of heaven<\/li>\n<li><strong>22 <\/strong><i>topic<\/i>: Jesus&#8217; follower\u2013 The sending out of the 72 desciples<\/li>\n<li><strong>23<\/strong><a title=\"zehn Leprakranke\" href=\"\/tag\/nt-e-23\/\"> topic: Gratitude: Ten lepers are healed<\/a><\/li>\n<li><strong>24<\/strong> Sukkot: Jesus goes to the festival of tabernacles,<br \/>\nthe adulterous woman<\/li>\n<li><strong>25 <\/strong>Jesus visits Mary and Martha<\/li>\n<li><strong>26<\/strong> Healing of a man born blind<\/li>\n<li><strong>27<\/strong> The resurrection of Lazarus<\/li>\n<li><strong>28<\/strong> Jesus heals a crippled woman on the Sabbath<\/li>\n<li><strong>29<\/strong> The rich young man<\/li>\n<li><strong>30<\/strong> <a title=\"Zach\u00e4us\" href=\"\/tag\/nt-e-30\/\">Zacchaeus<\/a><\/li>\n<li><strong>31<\/strong> Blind Bartimaeus<\/li>\n<\/ul>\n<h3><strong>F<\/strong> \u2013 The final days of Jesus<\/h3>\n<h4>4. Passover \u2013 Jesus visits Jerusalem for the last time<\/h4>\n<h5>Sunday<\/h5>\n<ul>\n<li><strong>01<\/strong> The triumphal entry into Jerusalem<\/li>\n<\/ul>\n<h5>Monday<\/h5>\n<ul>\n<li><strong>02<\/strong> Jesus cleans out the temple (for the second time)<\/li>\n<\/ul>\n<h5>Tuesday and Wednesday<\/h5>\n<ul>\n<li><strong>03 <\/strong>Jesus teaches \u2013 The parable of the evil tenants<\/li>\n<li><strong>04<\/strong> Argument with the Pharisees about the imperial tax to Caesar<\/li>\n<li><strong>05<\/strong> A warning against hypocrisy<br \/>\nTears over Jerusalem<\/li>\n<li><strong>06\u00a0<\/strong>Jesus teaches \u2013 the prophetic message on the Mount of Olives<\/li>\n<li><strong>07 <\/strong><i>Jesus teaches<\/i> \u2013 the ten virgins<\/li>\n<li><strong>08\u00a0<\/strong>Jesus teaches \u2013 the parable of the golden coins<\/li>\n<li><strong>09 <\/strong>Jesus teaches \u2013 the final judgement<\/li>\n<\/ul>\n<h5>Thursday<\/h5>\n<ul>\n<li><strong>10<\/strong> Preparations for the final supper<\/li>\n<li><strong>11<\/strong><a title=\"Die Fu\u00dfwaschung\" href=\"\/tag\/nt-f-11\/\"> Jesus talks to his disciples \u2013 washing of feet<\/a><\/li>\n<li><strong>12 <\/strong><i>Jesus <\/i>teaches \u2013 The Vine and the Branches<\/li>\n<li><strong>13<\/strong> Jesus prays<\/li>\n<li><strong>14<\/strong> Jesus in the garden of Gethsemane<\/li>\n<li><strong>15<\/strong> Jesus is arrested<\/li>\n<\/ul>\n<h5><span class=\"VIiyi\" lang=\"en\"><span class=\"JLqJ4b ChMk0b\" data-language-for-alternatives=\"en\" data-language-to-translate-into=\"de\" data-phrase-index=\"0\">The night from Thursday to Friday<\/span><\/span><\/h5>\n<ul>\n<li><strong>16 <\/strong>In the house of the high priest<br \/>\nPeter denies Jesus<\/li>\n<li><strong>17<\/strong> Jesus at court<\/li>\n<\/ul>\n<h5>Friday<\/h5>\n<ul>\n<li><strong>18<\/strong> Jesus dies<\/li>\n<\/ul>\n<h5>Sunday<\/h5>\n<ul>\n<li><strong>19<\/strong> Jesus\u2019 resurrection<\/li>\n<li><strong>20<\/strong> Jesus appears to Marya Magdalene<\/li>\n<li><strong>21<\/strong> The desciples on their way to Emmaus<\/li>\n<li><strong>22<\/strong> Jesus and Thomas<\/li>\n<\/ul>\n<h4>What happened after the resurrection<\/h4>\n<ul>\n<li><strong>23<\/strong> Jesus and the miraculous catch of fish<\/li>\n<li><strong>24<\/strong> Jesus descends into heaven<\/li>\n<\/ul>\n<h2>pdf<\/h2>\n<p><a href=\"https:\/\/www.thewholestory.de\/wp-content\/uploads\/list_nt_1.pdf\" class=\"mtli_attachment mtli_pdf\">This list with Bible passages as a PDF<\/a><\/p>","protected":false},"excerpt":{"rendered":"<p>NT NEW TESTAMENT Part 1: The life of Jesus A \u2013 Introduction to the New Testament 01 The Gospels, topic and author Matthew and John 02 The Gospels, topic and author Mark and Luke B \u2013 Jesus\u2019 Birth and Childhood 01 John the Baptist \u2013 Announcement and birth 02 The &#8230;<\/p>\n","protected":false},"author":1,"featured_media":0,"parent":0,"menu_order":0,"comment_status":"closed","ping_status":"open","template":"","meta":{"_lmt_disableupdate":"","_lmt_disable":"","footnotes":""},"yoast_head":"<!-- This site is optimized with the Yoast SEO plugin v21.2 - https:\/\/yoast.com\/wordpress\/plugins\/seo\/ -->\n<title>NT 1 - The whole story<\/title>\n<meta name=\"robots\" content=\"index, follow, max-snippet:-1, max-image-preview:large, max-video-preview:-1\" \/>\n<link rel=\"canonical\" href=\"https:\/\/www.thewholestory.de\/en\/nt-1\/\" \/>\n<meta property=\"og:locale\" content=\"en_US\" \/>\n<meta property=\"og:type\" content=\"article\" \/>\n<meta property=\"og:title\" content=\"NT 1 - The whole story\" \/>\n<meta property=\"og:description\" content=\"NT NEW TESTAMENT Part 1: The life of Jesus A \u2013 Introduction to the New Testament 01 The Gospels, topic and author Matthew and John 02 The Gospels, topic and author Mark and Luke B \u2013 Jesus\u2019 Birth and Childhood 01 John the Baptist \u2013 Announcement and birth 02 The &#8230;\" \/>\n<meta property=\"og:url\" content=\"https:\/\/www.thewholestory.de\/en\/nt-1\/\" \/>\n<meta property=\"og:site_name\" content=\"The whole story\" \/>\n<meta property=\"article:modified_time\" content=\"2021-04-13T19:08:15+00:00\" \/>\n<meta property=\"og:image\" content=\"https:\/\/www.thewholestory.de\/wp-content\/uploads\/NT1brot-und-wein_klein.png\" \/>\n<meta name=\"twitter:label1\" content=\"Est. reading time\" \/>\n\t<meta name=\"twitter:data1\" content=\"4 minutes\" \/>\n<script type=\"application\/ld+json\" class=\"yoast-schema-graph\">{\"@context\":\"https:\/\/schema.org\",\"@graph\":[{\"@type\":\"WebPage\",\"@id\":\"https:\/\/www.thewholestory.de\/en\/nt-1\/\",\"url\":\"https:\/\/www.thewholestory.de\/en\/nt-1\/\",\"name\":\"NT 1 - The whole story\",\"isPartOf\":{\"@id\":\"https:\/\/www.thewholestory.de\/en\/#website\"},\"datePublished\":\"2013-01-30T04:29:11+00:00\",\"dateModified\":\"2021-04-13T19:08:15+00:00\",\"inLanguage\":\"en-US\",\"potentialAction\":[{\"@type\":\"ReadAction\",\"target\":[[\"https:\/\/www.thewholestory.de\/en\/nt-1\/\"]]}]},{\"@type\":\"WebSite\",\"@id\":\"https:\/\/www.thewholestory.de\/en\/#website\",\"url\":\"https:\/\/www.thewholestory.de\/en\/\",\"name\":\"The whole story\",\"description\":\"chronologically through the Bible\",\"potentialAction\":[{\"@type\":\"SearchAction\",\"target\":{\"@type\":\"EntryPoint\",\"urlTemplate\":\"https:\/\/www.thewholestory.de\/en\/?s={search_term_string}\"},\"query-input\":\"required name=search_term_string\"}],\"inLanguage\":\"en-US\"}]}<\/script>\n<!-- \/ Yoast SEO plugin. -->","yoast_head_json":{"title":"NT 1 - The whole story","robots":{"index":"index","follow":"follow","max-snippet":"max-snippet:-1","max-image-preview":"max-image-preview:large","max-video-preview":"max-video-preview:-1"},"canonical":"https:\/\/www.thewholestory.de\/en\/nt-1\/","og_locale":"en_US","og_type":"article","og_title":"NT 1 - The whole story","og_description":"NT NEW TESTAMENT Part 1: The life of Jesus A \u2013 Introduction to the New Testament 01 The Gospels, topic and author Matthew and John 02 The Gospels, topic and author Mark and Luke B \u2013 Jesus\u2019 Birth and Childhood 01 John the Baptist \u2013 Announcement and birth 02 The &#8230;","og_url":"https:\/\/www.thewholestory.de\/en\/nt-1\/","og_site_name":"The whole story","article_modified_time":"2021-04-13T19:08:15+00:00","og_image":[{"url":"https:\/\/www.thewholestory.de\/wp-content\/uploads\/NT1brot-und-wein_klein.png"}],"twitter_misc":{"Est. reading time":"4 minutes"},"schema":{"@context":"https:\/\/schema.org","@graph":[{"@type":"WebPage","@id":"https:\/\/www.thewholestory.de\/en\/nt-1\/","url":"https:\/\/www.thewholestory.de\/en\/nt-1\/","name":"NT 1 - The whole story","isPartOf":{"@id":"https:\/\/www.thewholestory.de\/en\/#website"},"datePublished":"2013-01-30T04:29:11+00:00","dateModified":"2021-04-13T19:08:15+00:00","inLanguage":"en-US","potentialAction":[{"@type":"ReadAction","target":[["https:\/\/www.thewholestory.de\/en\/nt-1\/"]]}]},{"@type":"WebSite","@id":"https:\/\/www.thewholestory.de\/en\/#website","url":"https:\/\/www.thewholestory.de\/en\/","name":"The whole story","description":"chronologically through the Bible","potentialAction":[{"@type":"SearchAction","target":{"@type":"EntryPoint","urlTemplate":"https:\/\/www.thewholestory.de\/en\/?s={search_term_string}"},"query-input":"required name=search_term_string"}],"inLanguage":"en-US"}]}},"_links":{"self":[{"href":"https:\/\/www.thewholestory.de\/en\/wp-json\/wp\/v2\/pages\/261"}],"collection":[{"href":"https:\/\/www.thewholestory.de\/en\/wp-json\/wp\/v2\/pages"}],"about":[{"href":"https:\/\/www.thewholestory.de\/en\/wp-json\/wp\/v2\/types\/page"}],"author":[{"embeddable":true,"href":"https:\/\/www.thewholestory.de\/en\/wp-json\/wp\/v2\/users\/1"}],"replies":[{"embeddable":true,"href":"https:\/\/www.thewholestory.de\/en\/wp-json\/wp\/v2\/comments?post=261"}],"version-history":[{"count":56,"href":"https:\/\/www.thewholestory.de\/en\/wp-json\/wp\/v2\/pages\/261\/revisions"}],"predecessor-version":[{"id":22274,"href":"https:\/\/www.thewholestory.de\/en\/wp-json\/wp\/v2\/pages\/261\/revisions\/22274"}],"wp:attachment":[{"href":"https:\/\/www.thewholestory.de\/en\/wp-json\/wp\/v2\/media?parent=261"}],"curies":[{"name":"wp","href":"https:\/\/api.w.org\/{rel}","templated":true}]}}