{"id":273,"date":"2013-01-30T06:13:22","date_gmt":"2013-01-30T05:13:22","guid":{"rendered":"http:\/\/www.thewholestory.de\/?page_id=273"},"modified":"2022-07-15T17:58:23","modified_gmt":"2022-07-15T15:58:23","slug":"start","status":"publish","type":"page","link":"https:\/\/www.thewholestory.de\/en\/","title":{"rendered":"The whole story"},"content":{"rendered":"<p><\/p>\n<div><\/div>\n<div>\n<h2 style=\"text-align: center;\"><strong><em>The whole story<br \/>\n<\/em><\/strong><\/h2>\n<\/div>\n<p>Pictures, story proposals and more you can find at the respective story. Have a look around.<\/p>\n<p>&#8220;The whole story&#8221; is a project for student drafts, where children are thought a vast bible knowledge by telling them biblical stories in historical and chronological order.<\/p>\n<blockquote><p>For I bless everyone who fully trusts in me. This person is like a tree, planted near a brook, that is stretching out its roots and is not afraid when the heat comes in. Its leaves are green, during years of drought it is unworried, and it doesn&#8217;t stop bearing fruit.\u00a0 <strong>Jeremia 17.7-8<\/strong><\/p><\/blockquote>\n<hr \/>\n<p><img decoding=\"async\" loading=\"lazy\" class=\"alignleft\" src=\"https:\/\/www.thewholestory.de\/wp-content\/uploads\/pflanzen.jpg\" alt=\"pflanzen\" width=\"143\" height=\"154\" \/><\/p>\n<h2><a href=\"https:\/\/www.thewholestory.de\/wp-content\/uploads\/IMG_3768.jpg\"><img decoding=\"async\" loading=\"lazy\" class=\"alignright wp-image-4134\" src=\"https:\/\/www.thewholestory.de\/wp-content\/uploads\/IMG_3768-250x222.jpg\" alt=\"IMG_3768\" width=\"150\" height=\"133\" srcset=\"https:\/\/www.thewholestory.de\/wp-content\/uploads\/IMG_3768-250x222.jpg 250w, https:\/\/www.thewholestory.de\/wp-content\/uploads\/IMG_3768-300x267.jpg 300w, https:\/\/www.thewholestory.de\/wp-content\/uploads\/IMG_3768-1024x911.jpg 1024w, https:\/\/www.thewholestory.de\/wp-content\/uploads\/IMG_3768-700x623.jpg 700w, https:\/\/www.thewholestory.de\/wp-content\/uploads\/IMG_3768-332x295.jpg 332w\" sizes=\"(max-width: 150px) 100vw, 150px\" \/><\/a><\/h2>\n<h2>We got a new timeline.<\/h2>\n<p>But, at the moment only in german.<\/p>\n<hr \/>\n<h2>Pick your story:<\/h2>\n<figure id=\"attachment_41\" aria-describedby=\"caption-attachment-41\" style=\"width: 180px\" class=\"wp-caption alignleft\"><a title=\"AT\" href=\"https:\/\/www.thewholestory.de\/at\/\"><img decoding=\"async\" loading=\"lazy\" class=\" wp-image-41 schatten \" src=\"https:\/\/www.thewholestory.de\/wp-content\/uploads\/AT-leuchter_klein.png\" alt=\"von Mose bis Maleachi\" width=\"180\" height=\"254\" \/><\/a><figcaption id=\"caption-attachment-41\" class=\"wp-caption-text\"><span style=\"color: #0000dd;\"><strong><big>Old Testament<\/big><\/strong><\/span><\/figcaption><\/figure>\n<figure id=\"attachment_42\" aria-describedby=\"caption-attachment-42\" style=\"width: 180px\" class=\"wp-caption alignright\"><a title=\"NT 2\" href=\"https:\/\/www.thewholestory.de\/nt-2\/\"><img decoding=\"async\" loading=\"lazy\" class=\" wp-image-42 schatten schatten \" src=\"https:\/\/www.thewholestory.de\/wp-content\/uploads\/NT2fische_klein.png\" alt=\"Apostelgeschichte und Briefe\" width=\"180\" height=\"254\" \/><\/a><figcaption id=\"caption-attachment-42\" class=\"wp-caption-text\"><span style=\"color: #ff6600;\"><strong><big>First Christians<br \/><\/big><\/strong><\/span><\/figcaption><\/figure>\n<figure id=\"attachment_39\" aria-describedby=\"caption-attachment-39\" style=\"width: 180px\" class=\"wp-caption aligncenter\"><a title=\"NT 1\" href=\"https:\/\/www.thewholestory.de\/nt-1\/\"><img decoding=\"async\" loading=\"lazy\" class=\" wp-image-39 schatten \" src=\"https:\/\/www.thewholestory.de\/wp-content\/uploads\/NT1brot-und-wein_klein.png\" alt=\"Die Evangelien\" width=\"180\" height=\"254\" \/><\/a><figcaption id=\"caption-attachment-39\" class=\"wp-caption-text\"><span style=\"color: #ff0000;\"><strong><big>Live of Jesus<br \/><\/big><\/strong><\/span><\/figcaption><\/figure>\n<div>\n<p>&nbsp;<\/p>\n<ul>\n<li>Free download for youth- and children group teachings.<\/li>\n<li>Ideas and pictures from all over the world<\/li>\n<li>collected by an international team.<\/li>\n<\/ul>\n\n<h2 style=\"text-align: center;\"><\/h2>\n<\/div>\n<p>&nbsp;<\/p>\n<div><\/div>\n<div>\n<h2 style=\"text-align: center;\"><strong><em>The whole story<br \/>\n<\/em><\/strong><\/h2>\n<\/div>\n<p>Pictures, story proposals and more you can find at the respective story. Have a look around.<\/p>\n<p>&#8220;The whole story&#8221; is a project for student drafts, where children are thought a vast bible knowledge by telling them biblical stories in historical and chronological order.<\/p>\n<blockquote><p>For I bless everyone who fully trusts in me. This person is like a tree, planted near a brook, that is stretching out its roots and is not afraid when the heat comes in. Its leaves are green, during years of drought it is unworried, and it doesn&#8217;t stop bearing fruit.\u00a0 <strong>Jeremia 17.7-8<\/strong><\/p><\/blockquote>\n<hr \/>\n<p><img decoding=\"async\" loading=\"lazy\" class=\"alignleft\" src=\"https:\/\/www.thewholestory.de\/wp-content\/uploads\/pflanzen.jpg\" alt=\"pflanzen\" width=\"143\" height=\"154\" \/><\/p>\n<h2><a href=\"https:\/\/www.thewholestory.de\/wp-content\/uploads\/IMG_3768.jpg\"><img decoding=\"async\" loading=\"lazy\" class=\"alignright wp-image-4134\" src=\"https:\/\/www.thewholestory.de\/wp-content\/uploads\/IMG_3768-250x222.jpg\" alt=\"IMG_3768\" width=\"150\" height=\"133\" srcset=\"https:\/\/www.thewholestory.de\/wp-content\/uploads\/IMG_3768-250x222.jpg 250w, https:\/\/www.thewholestory.de\/wp-content\/uploads\/IMG_3768-300x267.jpg 300w, https:\/\/www.thewholestory.de\/wp-content\/uploads\/IMG_3768-1024x911.jpg 1024w, https:\/\/www.thewholestory.de\/wp-content\/uploads\/IMG_3768-700x623.jpg 700w, https:\/\/www.thewholestory.de\/wp-content\/uploads\/IMG_3768-332x295.jpg 332w\" sizes=\"(max-width: 150px) 100vw, 150px\" \/><\/a><\/h2>\n<h2>We got a new timeline.<\/h2>\n<p>But, at the moment only in german.<\/p>\n<hr \/>\n<h2>Pick your story:<\/h2>\n<figure id=\"attachment_41\" aria-describedby=\"caption-attachment-41\" style=\"width: 180px\" class=\"wp-caption alignleft\"><a title=\"AT\" href=\"https:\/\/www.thewholestory.de\/at\/\"><img decoding=\"async\" loading=\"lazy\" class=\" wp-image-41 schatten \" src=\"https:\/\/www.thewholestory.de\/wp-content\/uploads\/AT-leuchter_klein.png\" alt=\"von Mose bis Maleachi\" width=\"180\" height=\"254\" \/><\/a><figcaption id=\"caption-attachment-41\" class=\"wp-caption-text\"><span style=\"color: #0000dd;\"><strong><big>Old Testament<\/big><\/strong><\/span><\/figcaption><\/figure>\n<figure id=\"attachment_42\" aria-describedby=\"caption-attachment-42\" style=\"width: 180px\" class=\"wp-caption alignright\"><a title=\"NT 2\" href=\"https:\/\/www.thewholestory.de\/nt-2\/\"><img decoding=\"async\" loading=\"lazy\" class=\" wp-image-42 schatten schatten \" src=\"https:\/\/www.thewholestory.de\/wp-content\/uploads\/NT2fische_klein.png\" alt=\"Apostelgeschichte und Briefe\" width=\"180\" height=\"254\" \/><\/a><figcaption id=\"caption-attachment-42\" class=\"wp-caption-text\"><span style=\"color: #ff6600;\"><strong><big>First Christians<br \/><\/big><\/strong><\/span><\/figcaption><\/figure>\n<figure id=\"attachment_39\" aria-describedby=\"caption-attachment-39\" style=\"width: 180px\" class=\"wp-caption aligncenter\"><a title=\"NT 1\" href=\"https:\/\/www.thewholestory.de\/nt-1\/\"><img decoding=\"async\" loading=\"lazy\" class=\" wp-image-39 schatten \" src=\"https:\/\/www.thewholestory.de\/wp-content\/uploads\/NT1brot-und-wein_klein.png\" alt=\"Die Evangelien\" width=\"180\" height=\"254\" \/><\/a><figcaption id=\"caption-attachment-39\" class=\"wp-caption-text\"><span style=\"color: #ff0000;\"><strong><big>Live of Jesus<br \/><\/big><\/strong><\/span><\/figcaption><\/figure>\n<div>\n<p>&nbsp;<\/p>\n<ul>\n<li>Free download for youth- and children group teachings.<\/li>\n<li>Ideas and pictures from all over the world<\/li>\n<li>collected by an international team.<\/li>\n<\/ul>\n\n<h2 style=\"text-align: center;\"><\/h2>\n<\/div>\n<p><\/p>","protected":false},"excerpt":{"rendered":"<p>The whole story Pictures, story proposals and more you can find at the respective story. Have a look around. &#8220;The whole story&#8221; is a project for student drafts, where children are thought a vast bible knowledge by telling them biblical stories in historical and chronological order. For I bless everyone &#8230;<\/p>\n","protected":false},"author":1,"featured_media":0,"parent":0,"menu_order":0,"comment_status":"closed","ping_status":"open","template":"","meta":{"_lmt_disableupdate":"","_lmt_disable":"","footnotes":""},"yoast_head":"<!-- This site is optimized with the Yoast SEO plugin v21.2 - https:\/\/yoast.com\/wordpress\/plugins\/seo\/ -->\n<title>The whole story -Die Ganze Geschichte<\/title>\n<meta name=\"description\" content=\"Freies Material f\u00fcr Stundenentw\u00fcrfe zum Erz\u00e4hlen der biblischen Geschichten in chronologischer Reihenfolge. Bilder, Spiele, Bastelideen, Erz\u00e4hlvorschl\u00e4ge\" \/>\n<meta name=\"robots\" content=\"index, follow, max-snippet:-1, max-image-preview:large, max-video-preview:-1\" \/>\n<link rel=\"canonical\" href=\"https:\/\/www.thewholestory.de\/en\/\" \/>\n<meta property=\"og:locale\" content=\"en_US\" \/>\n<meta property=\"og:type\" content=\"article\" \/>\n<meta property=\"og:title\" content=\"The whole story -Die Ganze Geschichte\" \/>\n<meta property=\"og:description\" content=\"Freies Material f\u00fcr Stundenentw\u00fcrfe zum Erz\u00e4hlen der biblischen Geschichten in chronologischer Reihenfolge. Bilder, Spiele, Bastelideen, Erz\u00e4hlvorschl\u00e4ge\" \/>\n<meta property=\"og:url\" content=\"https:\/\/www.thewholestory.de\/en\/\" \/>\n<meta property=\"og:site_name\" content=\"The whole story\" \/>\n<meta property=\"article:modified_time\" content=\"2022-07-15T15:58:23+00:00\" \/>\n<meta property=\"og:image\" content=\"https:\/\/www.thewholestory.de\/wp-content\/uploads\/AT-leuchter_klein.png\" \/>\n<meta name=\"twitter:label1\" content=\"Est. reading time\" \/>\n\t<meta name=\"twitter:data1\" content=\"2 minutes\" \/>\n<script type=\"application\/ld+json\" class=\"yoast-schema-graph\">{\"@context\":\"https:\/\/schema.org\",\"@graph\":[{\"@type\":\"WebPage\",\"@id\":\"https:\/\/www.thewholestory.de\/en\/\",\"url\":\"https:\/\/www.thewholestory.de\/en\/\",\"name\":\"The whole story -Die Ganze Geschichte\",\"isPartOf\":{\"@id\":\"https:\/\/www.thewholestory.de\/en\/#website\"},\"datePublished\":\"2013-01-30T05:13:22+00:00\",\"dateModified\":\"2022-07-15T15:58:23+00:00\",\"description\":\"Freies Material f\u00fcr Stundenentw\u00fcrfe zum Erz\u00e4hlen der biblischen Geschichten in chronologischer Reihenfolge. Bilder, Spiele, Bastelideen, Erz\u00e4hlvorschl\u00e4ge\",\"inLanguage\":\"en-US\",\"potentialAction\":[{\"@type\":\"ReadAction\",\"target\":[[\"https:\/\/www.thewholestory.de\/en\/\"]]}]},{\"@type\":\"WebSite\",\"@id\":\"https:\/\/www.thewholestory.de\/en\/#website\",\"url\":\"https:\/\/www.thewholestory.de\/en\/\",\"name\":\"The whole story\",\"description\":\"chronologically through the Bible\",\"potentialAction\":[{\"@type\":\"SearchAction\",\"target\":{\"@type\":\"EntryPoint\",\"urlTemplate\":\"https:\/\/www.thewholestory.de\/en\/?s={search_term_string}\"},\"query-input\":\"required name=search_term_string\"}],\"inLanguage\":\"en-US\"}]}<\/script>\n<!-- \/ Yoast SEO plugin. -->","yoast_head_json":{"title":"The whole story -Die Ganze Geschichte","description":"Freies Material f\u00fcr Stundenentw\u00fcrfe zum Erz\u00e4hlen der biblischen Geschichten in chronologischer Reihenfolge. Bilder, Spiele, Bastelideen, Erz\u00e4hlvorschl\u00e4ge","robots":{"index":"index","follow":"follow","max-snippet":"max-snippet:-1","max-image-preview":"max-image-preview:large","max-video-preview":"max-video-preview:-1"},"canonical":"https:\/\/www.thewholestory.de\/en\/","og_locale":"en_US","og_type":"article","og_title":"The whole story -Die Ganze Geschichte","og_description":"Freies Material f\u00fcr Stundenentw\u00fcrfe zum Erz\u00e4hlen der biblischen Geschichten in chronologischer Reihenfolge. Bilder, Spiele, Bastelideen, Erz\u00e4hlvorschl\u00e4ge","og_url":"https:\/\/www.thewholestory.de\/en\/","og_site_name":"The whole story","article_modified_time":"2022-07-15T15:58:23+00:00","og_image":[{"url":"https:\/\/www.thewholestory.de\/wp-content\/uploads\/AT-leuchter_klein.png"}],"twitter_misc":{"Est. reading time":"2 minutes"},"schema":{"@context":"https:\/\/schema.org","@graph":[{"@type":"WebPage","@id":"https:\/\/www.thewholestory.de\/en\/","url":"https:\/\/www.thewholestory.de\/en\/","name":"The whole story -Die Ganze Geschichte","isPartOf":{"@id":"https:\/\/www.thewholestory.de\/en\/#website"},"datePublished":"2013-01-30T05:13:22+00:00","dateModified":"2022-07-15T15:58:23+00:00","description":"Freies Material f\u00fcr Stundenentw\u00fcrfe zum Erz\u00e4hlen der biblischen Geschichten in chronologischer Reihenfolge. Bilder, Spiele, Bastelideen, Erz\u00e4hlvorschl\u00e4ge","inLanguage":"en-US","potentialAction":[{"@type":"ReadAction","target":[["https:\/\/www.thewholestory.de\/en\/"]]}]},{"@type":"WebSite","@id":"https:\/\/www.thewholestory.de\/en\/#website","url":"https:\/\/www.thewholestory.de\/en\/","name":"The whole story","description":"chronologically through the Bible","potentialAction":[{"@type":"SearchAction","target":{"@type":"EntryPoint","urlTemplate":"https:\/\/www.thewholestory.de\/en\/?s={search_term_string}"},"query-input":"required name=search_term_string"}],"inLanguage":"en-US"}]}},"_links":{"self":[{"href":"https:\/\/www.thewholestory.de\/en\/wp-json\/wp\/v2\/pages\/273"}],"collection":[{"href":"https:\/\/www.thewholestory.de\/en\/wp-json\/wp\/v2\/pages"}],"about":[{"href":"https:\/\/www.thewholestory.de\/en\/wp-json\/wp\/v2\/types\/page"}],"author":[{"embeddable":true,"href":"https:\/\/www.thewholestory.de\/en\/wp-json\/wp\/v2\/users\/1"}],"replies":[{"embeddable":true,"href":"https:\/\/www.thewholestory.de\/en\/wp-json\/wp\/v2\/comments?post=273"}],"version-history":[{"count":92,"href":"https:\/\/www.thewholestory.de\/en\/wp-json\/wp\/v2\/pages\/273\/revisions"}],"predecessor-version":[{"id":22335,"href":"https:\/\/www.thewholestory.de\/en\/wp-json\/wp\/v2\/pages\/273\/revisions\/22335"}],"wp:attachment":[{"href":"https:\/\/www.thewholestory.de\/en\/wp-json\/wp\/v2\/media?parent=273"}],"curies":[{"name":"wp","href":"https:\/\/api.w.org\/{rel}","templated":true}]}}